{"id":5400,"date":"2024-02-26T19:08:28","date_gmt":"2024-02-26T19:08:28","guid":{"rendered":"https:\/\/filmisnotdead.hu\/termek\/negative-scan\/"},"modified":"2024-02-26T19:08:28","modified_gmt":"2024-02-26T19:08:28","slug":"negative-scan","status":"publish","type":"product","link":"https:\/\/filmisnotdead.hu\/en\/termek\/negative-scan\/","title":{"rendered":"Negative scan"},"content":{"rendered":"<div class=\"et_pb_text_inner\">\n<p>Scan your negatives with us at Kod\u00e1ly K\u00f6r\u00f6nd, Budapest, District VI, in high quality and at a fair price. <\/p>\n<p>You can scan <strong>35mm<\/strong> film and <strong>6\u00d76<\/strong> negatives to preserve your analogue memories digitally.<\/p>\n<\/div>\n<p>Bring your raw materials in person, which can be downloaded digitally in a few days via an online gallery in high resolution.<\/p>\n<p>You can have your negatives scanned at different resolutions:<\/p>\n<ul>\n<li>Standard resolution scanning: 1200 dpi<\/li>\n<li>High resolution scanning: 2400 dpi<\/li>\n<li>Extra high resolution scanning: 4800 dpi<\/li>\n<\/ul>\n","protected":false},"excerpt":{"rendered":"<p>Scan your negatives with us at Kod\u00e1ly K\u00f6r\u00f6nd, Budapest, District VI, in high quality and at a fair price. You can scan 35mm film and 6\u00d76 negatives to preserve your analogue memories digitally. Bring your raw materials in person, which can be downloaded digitally in a few days via an online gallery in high resolution. [&hellip;]<\/p>\n","protected":false},"featured_media":7354,"comment_status":"open","ping_status":"closed","template":"","meta":{"_et_pb_use_builder":"","_et_pb_old_content":"","_et_gb_content_width":""},"product_brand":[],"product_cat":[127],"product_tag":[],"class_list":{"0":"post-5400","1":"product","2":"type-product","3":"status-publish","4":"has-post-thumbnail","6":"product_cat-scanning","8":"first","9":"instock","10":"shipping-taxable","11":"purchasable","12":"product-type-variable","13":"berocket_lgv_grid","14":"berocket_lgv_list_grid"},"_links":{"self":[{"href":"https:\/\/filmisnotdead.hu\/en\/wp-json\/wp\/v2\/product\/5400","targetHints":{"allow":["GET"]}}],"collection":[{"href":"https:\/\/filmisnotdead.hu\/en\/wp-json\/wp\/v2\/product"}],"about":[{"href":"https:\/\/filmisnotdead.hu\/en\/wp-json\/wp\/v2\/types\/product"}],"replies":[{"embeddable":true,"href":"https:\/\/filmisnotdead.hu\/en\/wp-json\/wp\/v2\/comments?post=5400"}],"wp:featuredmedia":[{"embeddable":true,"href":"https:\/\/filmisnotdead.hu\/en\/wp-json\/wp\/v2\/media\/7354"}],"wp:attachment":[{"href":"https:\/\/filmisnotdead.hu\/en\/wp-json\/wp\/v2\/media?parent=5400"}],"wp:term":[{"taxonomy":"product_brand","embeddable":true,"href":"https:\/\/filmisnotdead.hu\/en\/wp-json\/wp\/v2\/product_brand?post=5400"},{"taxonomy":"product_cat","embeddable":true,"href":"https:\/\/filmisnotdead.hu\/en\/wp-json\/wp\/v2\/product_cat?post=5400"},{"taxonomy":"product_tag","embeddable":true,"href":"https:\/\/filmisnotdead.hu\/en\/wp-json\/wp\/v2\/product_tag?post=5400"}],"curies":[{"name":"wp","href":"https:\/\/api.w.org\/{rel}","templated":true}]}}