{"id":4674,"date":"2023-11-25T05:50:01","date_gmt":"2023-11-25T05:50:01","guid":{"rendered":"https:\/\/filmisnotdead.hu\/cart\/"},"modified":"2026-03-14T07:05:26","modified_gmt":"2026-03-14T07:05:26","slug":"cart","status":"publish","type":"page","link":"https:\/\/filmisnotdead.hu\/en\/cart\/","title":{"rendered":"Cart"},"content":{"rendered":"<p>[et_pb_section fb_built=&#8221;1&#8243; _builder_version=&#8221;4.23.1&#8243; _module_preset=&#8221;default&#8221; background_color=&#8221;RGBA(255,255,255,0)&#8221; use_background_color_gradient=&#8221;on&#8221; background_color_gradient_stops=&#8221;rgba(255,255,255,0) 0%|rgba(0,0,0,0.64) 100%&#8221; background_image=&#8221;https:\/\/filmisnotdead.hu\/wp-content\/uploads\/2023\/12\/000035400029-1500.jpg&#8221; background_blend=&#8221;overlay&#8221; custom_margin=&#8221;0px||||false|false&#8221; custom_padding=&#8221;71px||115px||false|false&#8221; global_colors_info=&#8221;{}&#8221;][et_pb_row _builder_version=&#8221;4.23.1&#8243; _module_preset=&#8221;default&#8221; custom_padding=&#8221;||52px|||&#8221; global_colors_info=&#8221;{}&#8221;][et_pb_column type=&#8221;4_4&#8243; _builder_version=&#8221;4.23.1&#8243; _module_preset=&#8221;default&#8221; global_colors_info=&#8221;{}&#8221;][et_pb_text _builder_version=&#8221;4.23.1&#8243; _module_preset=&#8221;default&#8221; text_font=&#8221;Poppins|700|||||||&#8221; text_text_color=&#8221;#FFFFFF&#8221; text_font_size=&#8221;50px&#8221; text_letter_spacing=&#8221;5px&#8221; global_colors_info=&#8221;{}&#8221;]<\/p>\n<p style=\"text-align: center;\">Cart<\/p>\n<p>[\/et_pb_text][\/et_pb_column][\/et_pb_row][et_pb_row column_structure=&#8221;1_3,1_3,1_3&#8243; make_equal=&#8221;on&#8221; disabled_on=&#8221;on|on|off&#8221; module_class=&#8221;icon-line-row&#8221; _builder_version=&#8221;4.23.1&#8243; _module_preset=&#8221;default&#8221; module_alignment=&#8221;center&#8221; global_colors_info=&#8221;{}&#8221;][et_pb_column type=&#8221;1_3&#8243; _builder_version=&#8221;4.23.1&#8243; _module_preset=&#8221;default&#8221; global_colors_info=&#8221;{}&#8221;][et_pb_icon font_icon=&#8221;&#xe024;||divi||400&#8243; icon_width=&#8221;40px&#8221; url=&#8221;https:\/\/filmisnotdead.hu\/en\/&#8221; align=&#8221;left&#8221; _builder_version=&#8221;4.23.1&#8243; _module_preset=&#8221;default&#8221; background_color=&#8221;#FFFFFF&#8221; custom_margin=&#8221;0px|0px|0px|0px|true|true&#8221; custom_padding=&#8221;16px|16px|16px|16px|true|true&#8221; border_radii=&#8221;on|500px|500px|500px|500px&#8221; border_width_all=&#8221;9px&#8221; border_color_all=&#8221;#FFFFFF&#8221; global_colors_info=&#8221;{}&#8221; background__hover_enabled=&#8221;on|hover&#8221; background_color__hover=&#8221;#FFFFFF&#8221; background_enable_color__hover=&#8221;on&#8221; border_color_all__hover_enabled=&#8221;on|hover&#8221; border_color_all__hover=&#8221;#FFFFFF&#8221; icon_color__hover_enabled=&#8221;on|hover&#8221; icon_color__hover=&#8221;#474747&#8243; transform_styles__hover_enabled=&#8221;on|hover&#8221; transform_scale__hover_enabled=&#8221;on|hover&#8221; transform_translate__hover_enabled=&#8221;on|desktop&#8221; transform_rotate__hover_enabled=&#8221;on|desktop&#8221; transform_skew__hover_enabled=&#8221;on|desktop&#8221; transform_origin__hover_enabled=&#8221;on|desktop&#8221;][\/et_pb_icon][\/et_pb_column][et_pb_column type=&#8221;1_3&#8243; _builder_version=&#8221;4.23.1&#8243; _module_preset=&#8221;default&#8221; global_colors_info=&#8221;{}&#8221;][et_pb_icon font_icon=&#8221;&#xe015;||divi||400&#8243; icon_width=&#8221;70px&#8221; url=&#8221;https:\/\/filmisnotdead.hu\/en\/cart\/&#8221; icon_color_last_edited=&#8221;off|desktop&#8221; _builder_version=&#8221;4.23.1&#8243; _module_preset=&#8221;default&#8221; background_color=&#8221;#FFFFFF&#8221; custom_margin=&#8221;-29px||||false|false&#8221; custom_padding=&#8221;10px|10px|10px|10px|true|true&#8221; border_radii=&#8221;on|300px|300px|300px|300px&#8221; border_width_all=&#8221;17px&#8221; border_color_all=&#8221;#FFFFFF&#8221; global_colors_info=&#8221;{}&#8221; background__hover_enabled=&#8221;on|hover&#8221; background_color__hover=&#8221;#FFFFFF&#8221; background_enable_color__hover=&#8221;on&#8221; border_radii__hover_enabled=&#8221;on|hover&#8221; border_color_all__hover_enabled=&#8221;on|hover&#8221; border_color_all__hover=&#8221;#FFFFFF&#8221; icon_color__hover_enabled=&#8221;on|hover&#8221; icon_color__hover=&#8221;#474747&#8243; transform_styles__hover_enabled=&#8221;on|hover&#8221; transform_scale__hover_enabled=&#8221;on|hover&#8221; transform_translate__hover_enabled=&#8221;on|desktop&#8221; transform_rotate__hover_enabled=&#8221;on|desktop&#8221; transform_skew__hover_enabled=&#8221;on|desktop&#8221; transform_origin__hover_enabled=&#8221;on|desktop&#8221; border_radii__hover=&#8221;on|300px|300px|300px|300px&#8221;][\/et_pb_icon][\/et_pb_column][et_pb_column type=&#8221;1_3&#8243; _builder_version=&#8221;4.23.1&#8243; _module_preset=&#8221;default&#8221; global_colors_info=&#8221;{}&#8221;][et_pb_icon font_icon=&#8221;&#xe014;||divi||400&#8243; icon_width=&#8221;40px&#8221; url=&#8221;https:\/\/filmisnotdead.hu\/en\/checkout\/&#8221; align=&#8221;right&#8221; _builder_version=&#8221;4.23.1&#8243; _module_preset=&#8221;default&#8221; background_color=&#8221;#FFFFFF&#8221; custom_margin=&#8221;0px|0px|0px|0px|true|true&#8221; custom_padding=&#8221;16px|16px|16px|16px|true|true&#8221; border_radii=&#8221;on|500px|500px|500px|500px&#8221; border_width_all=&#8221;9px&#8221; border_color_all=&#8221;#FFFFFF&#8221; global_colors_info=&#8221;{}&#8221; background__hover_enabled=&#8221;on|hover&#8221; background_color__hover=&#8221;#FFFFFF&#8221; background_enable_color__hover=&#8221;on&#8221; border_color_all__hover_enabled=&#8221;on|hover&#8221; border_color_all__hover=&#8221;#FFFFFF&#8221; icon_color__hover_enabled=&#8221;on|hover&#8221; icon_color__hover=&#8221;#474747&#8243; transform_styles__hover_enabled=&#8221;on|hover&#8221; transform_scale__hover_enabled=&#8221;on|hover&#8221; transform_translate__hover_enabled=&#8221;on|desktop&#8221; transform_rotate__hover_enabled=&#8221;on|desktop&#8221; transform_skew__hover_enabled=&#8221;on|desktop&#8221; transform_origin__hover_enabled=&#8221;on|desktop&#8221;][\/et_pb_icon][\/et_pb_column][\/et_pb_row][\/et_pb_section][et_pb_section fb_built=&#8221;1&#8243; _builder_version=&#8221;4.23.1&#8243; background_color=&#8221;#f7f7f7&#8243; global_colors_info=&#8221;{}&#8221;][et_pb_row column_structure=&#8221;3_5,2_5&#8243; custom_padding_last_edited=&#8221;on|phone&#8221; _builder_version=&#8221;4.23.1&#8243; background_color=&#8221;#ffffff&#8221; background_size=&#8221;initial&#8221; background_position=&#8221;top_left&#8221; background_repeat=&#8221;repeat&#8221; width=&#8221;90%&#8221; max_width=&#8221;1180px&#8221; custom_margin=&#8221;-170px||0px||false|false&#8221; custom_padding=&#8221;25px|25px|20px|25px|false|true&#8221; custom_padding_tablet=&#8221;25px|25px|20px|25px|false|true&#8221; custom_padding_phone=&#8221;10px|17px|20px|17px|false|true&#8221; border_radii=&#8221;on|15px|15px|15px|15px&#8221; box_shadow_style=&#8221;preset1&#8243; global_colors_info=&#8221;{}&#8221;][et_pb_column type=&#8221;3_5&#8243; _builder_version=&#8221;4.16&#8243; custom_padding=&#8221;|||&#8221; global_colors_info=&#8221;{}&#8221; custom_padding__hover=&#8221;|||&#8221;][et_pb_wc_cart_notice _builder_version=&#8221;4.23.1&#8243; global_colors_info=&#8221;{}&#8221;][\/et_pb_wc_cart_notice][et_pb_wc_cart_products show_coupon_code=&#8221;off&#8221; _builder_version=&#8221;4.23.1&#8243; custom_margin=&#8221;43px||||false|false&#8221; hover_enabled=&#8221;0&#8243; global_colors_info=&#8221;{}&#8221; custom_disabled_button=&#8221;on&#8221; disabled_button_icon=&#8221;\ue02d||divi||400&#8243; custom_button=&#8221;on&#8221; button_icon=&#8221;\ue02d||divi||400&#8243; sticky_enabled=&#8221;0&#8243;][\/et_pb_wc_cart_products][\/et_pb_column][et_pb_column type=&#8221;2_5&#8243; _builder_version=&#8221;4.16&#8243; custom_padding=&#8221;|||&#8221; global_colors_info=&#8221;{}&#8221; custom_padding__hover=&#8221;|||&#8221;][et_pb_wc_cart_totals _builder_version=&#8221;4.23.1&#8243; title_font=&#8221;Poppins|800|||||||&#8221; title_font_size=&#8221;22px&#8221; custom_button=&#8221;on&#8221; button_border_color=&#8221;#000000&#8243; custom_margin=&#8221;0px|||-30px|false|false&#8221; custom_margin_tablet=&#8221;0px|||0px|false|false&#8221; custom_margin_phone=&#8221;0px|||0px|false|false&#8221; custom_margin_last_edited=&#8221;on|desktop&#8221; hover_enabled=&#8221;0&#8243; custom_css_free_form=&#8221;\/* WooCommerce Kos\u00e1r \u00f6sszesen \u2013 25\/75 ar\u00e1ny CSAK asztali n\u00e9zeten,||   a %22Tov\u00e1bb a p\u00e9nzt\u00e1rhoz%22 gomb kiz\u00e1rva *\/||@media (min-width: 1025px) {||||    \/* Csak a t\u00e1bl\u00e1zat tartalma *\/||    .woocommerce-cart .cart_totals table tbody th,||    .woocommerce-checkout .cart_totals table tbody th {||        width: 24%;||        padding-right: 15px;||        box-sizing: border-box;||    }||||    .woocommerce-cart .cart_totals table tbody td,||    .woocommerce-checkout .cart_totals table tbody td {||        width: 78%;||        box-sizing: border-box;||    }||||    \/* Biztos\u00edtjuk, hogy a gomb teljes sz\u00e9less\u00e9g\u0171 maradjon *\/||    .woocommerce-cart .wc-proceed-to-checkout,||    .woocommerce-checkout .wc-proceed-to-checkout {||        width: 100%;||        display: block;||    }||}||&#8221; global_colors_info=&#8221;{}&#8221; button_icon=&#8221;\uf09d||fa||900&#8243; sticky_enabled=&#8221;0&#8243; button_border_width__hover_enabled=&#8221;on|hover&#8221; button_border_width__hover=&#8221;2px&#8221; button_custom_margin=&#8221;|||0px|false|false&#8221;][\/et_pb_wc_cart_totals][\/et_pb_column][\/et_pb_row][et_pb_row _builder_version=&#8221;4.23.1&#8243; background_size=&#8221;initial&#8221; background_position=&#8221;top_left&#8221; background_repeat=&#8221;repeat&#8221; width=&#8221;90%&#8221; max_width=&#8221;1180px&#8221; custom_padding=&#8221;65px||0px||false|false&#8221; global_colors_info=&#8221;{}&#8221;][et_pb_column type=&#8221;4_4&#8243; _builder_version=&#8221;4.16&#8243; custom_padding=&#8221;|||&#8221; global_colors_info=&#8221;{}&#8221; custom_padding__hover=&#8221;|||&#8221;][et_pb_text _builder_version=&#8221;4.23.1&#8243; _module_preset=&#8221;default&#8221; text_font=&#8221;Poppins||||||||&#8221; text_font_size=&#8221;30px&#8221; text_line_height=&#8221;0.9em&#8221; custom_margin=&#8221;||1px|||&#8221; global_colors_info=&#8221;{}&#8221;]<\/p>\n<p>These might also interest you&#8230;<\/p>\n<p>[\/et_pb_text][et_pb_shop type=&#8221;best_selling&#8221; posts_number=&#8221;4&#8243; hover_overlay_color=&#8221;rgba(209,209,209,0.37)&#8221; hover_icon=&#8221;&#xe024;||divi||400&#8243; _builder_version=&#8221;4.23.1&#8243; _module_preset=&#8221;default&#8221; custom_margin=&#8221;-25px|||0px|false|false&#8221; custom_padding=&#8221;||||false|false&#8221; global_colors_info=&#8221;{}&#8221;][\/et_pb_shop][\/et_pb_column][\/et_pb_row][\/et_pb_section]<\/p>\n","protected":false},"excerpt":{"rendered":"<p>CartThese might also interest you&#8230;<\/p>\n","protected":false},"author":1,"featured_media":0,"parent":0,"menu_order":0,"comment_status":"closed","ping_status":"closed","template":"","meta":{"_et_pb_use_builder":"on","_et_pb_old_content":"","_et_gb_content_width":"","footnotes":""},"class_list":["post-4674","page","type-page","status-publish","hentry"],"_links":{"self":[{"href":"https:\/\/filmisnotdead.hu\/en\/wp-json\/wp\/v2\/pages\/4674","targetHints":{"allow":["GET"]}}],"collection":[{"href":"https:\/\/filmisnotdead.hu\/en\/wp-json\/wp\/v2\/pages"}],"about":[{"href":"https:\/\/filmisnotdead.hu\/en\/wp-json\/wp\/v2\/types\/page"}],"author":[{"embeddable":true,"href":"https:\/\/filmisnotdead.hu\/en\/wp-json\/wp\/v2\/users\/1"}],"replies":[{"embeddable":true,"href":"https:\/\/filmisnotdead.hu\/en\/wp-json\/wp\/v2\/comments?post=4674"}],"version-history":[{"count":6,"href":"https:\/\/filmisnotdead.hu\/en\/wp-json\/wp\/v2\/pages\/4674\/revisions"}],"predecessor-version":[{"id":4754,"href":"https:\/\/filmisnotdead.hu\/en\/wp-json\/wp\/v2\/pages\/4674\/revisions\/4754"}],"wp:attachment":[{"href":"https:\/\/filmisnotdead.hu\/en\/wp-json\/wp\/v2\/media?parent=4674"}],"curies":[{"name":"wp","href":"https:\/\/api.w.org\/{rel}","templated":true}]}}